{"id":2,"date":"2021-10-07T08:35:50","date_gmt":"2021-10-07T08:35:50","guid":{"rendered":"http:\/\/beohem3.rs\/?page_id=2"},"modified":"2024-12-02T09:24:18","modified_gmt":"2024-12-02T09:24:18","slug":"sample-page","status":"publish","type":"page","link":"https:\/\/beohem3.rs\/sr\/","title":{"rendered":"Dobrodo\u0161li"},"content":{"rendered":"<p>[vc_row][vc_column][vc_column_text]<\/p>\n<h1><span style=\"color: #1e73be;\">Beohem-3 d.o.o.<\/span><\/h1>\n<h4>Uvoz, izvoz, zastupanje stranih firmi i distribucija farmaceutskih proizvoda.<\/h4>\n<p>[\/vc_column_text][vc_empty_space height=&#8220;30&#8243;][vc_row_inner][vc_column_inner width=&#8220;5\/6&#8243;][vc_column_text]<br \/>\nNa\u0161a delatnost obuhvata kompletnu uslugu u oblasti lekova i medicinskih sredstava, uklju\u010duju\u0107i registraciju i regulativu lekova i medicinskih sredstava za na\u0161e strane partnere, uvoz, marketing i prodaju.[\/vc_column_text][vc_empty_space height=&#8220;30&#8243;][\/vc_column_inner][vc_column_inner width=&#8220;1\/6&#8243;]<div class=\" ubtn-ctn-left \"><a class=\"ubtn-link ult-adjust-bottom-margin ubtn-left ubtn-small \" href = \"https:\/\/beohem3.rs\/sr\/o-nama\/\" target='' ><button type=\"button\" id=\"ubtn-7995\" class=\"ubtn ult-adjust-bottom-margin ult-responsive ubtn-small ubtn-no-hover-bg  none  ubtn-left   tooltip-69dfa667db1df\"  data-hover=\"#262626\" data-border-color=\"\" data-bg=\"#1e73be\" data-hover-bg=\"#ededed\" data-border-hover=\"\" data-shadow-hover=\"\" data-shadow-click=\"none\" data-shadow=\"\" data-shd-shadow=\"\"  data-ultimate-target='#ubtn-7995'  data-responsive-json-new='{\"font-size\":\"desktop:20px;\",\"line-height\":\"desktop:25px;\"}'  style=\"font-weight:normal;border:none;background: #1e73be;color: #ffffff;\"><span class=\"ubtn-hover\" style=\"background-color:#ededed\"><\/span><span class=\"ubtn-data ubtn-text \" >Vi\u0161e o nama<\/span><\/button><\/a><\/div>[\/vc_column_inner][\/vc_row_inner][\/vc_column][\/vc_row][vc_row bg_type=&#8220;image&#8220; parallax_style=&#8220;vcpb-default&#8220; bg_image_new=&#8220;id^191|url^http:\/\/beohem3.rs\/wp-content\/uploads\/2021\/10\/beohem-slika.jpg|caption^null|alt^null|title^beohem-slika|description^null&#8220; bg_image_repeat=&#8220;no-repeat&#8220;][vc_column width=&#8220;1\/3&#8243; css=&#8220;.vc_custom_1635239230056{background-color: rgba(255,255,255,0.73) !important;*background-color: rgb(255,255,255) !important;}&#8220;][vc_empty_space height=&#8220;100&#8243;][vc_column_text css=&#8220;.vc_custom_1635412122446{padding-top: 20px !important;padding-right: 20px !important;padding-bottom: 20px !important;padding-left: 20px !important;}&#8220;]<\/p>\n<h3><span class=\"dt-highlight\" ><\/span>\u00a0 Vizija, misija i ciljevi<\/h3>\n<p>&nbsp;<\/p>\n<h4>Sa vizijom kontinuiranog razvoja putem pru\u017eanja najbolje mogu\u0107e usluge u zastupanju i distribuciji proizvoda svetski poznatih kompanija, preduze\u0107e je osnovano u Beogradu 1997. godine.<\/h4>\n<h4>Nastojimo da uspostavimo i negujemo dugotrajne poslovne odnose, posve\u0107eni smo kvalitetu i ispunjavanju o\u010dekivanja korisnika na\u0161ih usluga.<\/h4>\n<p>[\/vc_column_text][vc_empty_space height=&#8220;100&#8243;][\/vc_column][vc_column width=&#8220;2\/3&#8243;][\/vc_column][\/vc_row][vc_row][vc_column width=&#8220;2\/3&#8243;][vc_column_text]<\/p>\n<h3>ISO 9001\/ISO 14001\/ISO 45001<\/h3>\n<p>\u017delimo da efektivno odgovaramo na zahteve tr\u017ei\u0161ta, stoga smo 2008. u procese rada implementirali sistem menad\u017ementa kvalitetom uskla\u0111en sa standardom ISO 9001. Odgovornost prema \u017eivotnoj sredini rezultirala je uvo\u0111enjem sistema menad\u017ementa prema smernicama ISO 14001, a upravljanje bezbedno\u0161\u0107u i zdravljem na radu sertifikovano je u skladu sa standardom ISO 45001.[\/vc_column_text][\/vc_column][vc_column width=&#8220;1\/3&#8243;][vc_column_text]<a href=\"https:\/\/www.sgs.com\/en-rs\/certified-clients-and-products\/certified-client-directory\" target=\"_blank\" rel=\"noopener\"><img loading=\"lazy\" decoding=\"async\" class=\"wp-image-194 size-full aligncenter\" src=\"http:\/\/beohem3.rs\/wp-content\/uploads\/2021\/10\/ISO_9001_14001_45001.jpg\" alt=\"\" width=\"634\" height=\"168\" srcset=\"https:\/\/beohem3.rs\/wp-content\/uploads\/2021\/10\/ISO_9001_14001_45001.jpg 634w, https:\/\/beohem3.rs\/wp-content\/uploads\/2021\/10\/ISO_9001_14001_45001-300x79.jpg 300w\" sizes=\"auto, (max-width: 634px) 100vw, 634px\" \/><\/a>[\/vc_column_text][\/vc_column][\/vc_row][vc_row][vc_column][vc_empty_space][\/vc_column][\/vc_row]<\/p>\n","protected":false},"excerpt":{"rendered":"<p>[vc_row][vc_column][vc_column_text] Beohem-3 d.o.o. Uvoz, izvoz, zastupanje stranih firmi i distribucija farmaceutskih proizvoda. [\/vc_column_text][vc_empty_space height=&#8220;30&#8243;][vc_row_inner][vc_column_inner width=&#8220;5\/6&#8243;][vc_column_text] Na\u0161a delatnost obuhvata kompletnu uslugu u oblasti lekova i medicinskih sredstava, uklju\u010duju\u0107i registraciju i regulativu lekova i medicinskih sredstava za na\u0161e strane partnere, uvoz, marketing i prodaju.[\/vc_column_text][vc_empty_space height=&#8220;30&#8243;][\/vc_column_inner][vc_column_inner width=&#8220;1\/6&#8243;][\/vc_column_inner][\/vc_row_inner][\/vc_column][\/vc_row][vc_row bg_type=&#8220;image&#8220; parallax_style=&#8220;vcpb-default&#8220; bg_image_new=&#8220;id^191|url^http:\/\/beohem3.rs\/wp-content\/uploads\/2021\/10\/beohem-slika.jpg|caption^null|alt^null|title^beohem-slika|description^null&#8220; bg_image_repeat=&#8220;no-repeat&#8220;][vc_column width=&#8220;1\/3&#8243; css=&#8220;.vc_custom_1635239230056{background-color: rgba(255,255,255,0.73) !important;*background-color: rgb(255,255,255) !important;}&#8220;][vc_empty_space height=&#8220;100&#8243;][vc_column_text&hellip;<\/p>\n","protected":false},"author":1,"featured_media":0,"parent":0,"menu_order":0,"comment_status":"closed","ping_status":"open","template":"","meta":[],"class_list":["post-2","page","type-page","status-publish","hentry","description-off"],"yoast_head":"<!-- This site is optimized with the Yoast SEO plugin v22.2 - https:\/\/yoast.com\/wordpress\/plugins\/seo\/ -->\n<title>Veleprodaja farmaceutskih proizvoda, Beohem-3 Beograd<\/title>\n<meta name=\"description\" content=\"Kompletna usluga u oblasti lekova i medicinskih sredstava, uklju\u010duju\u0107i registraciju i regulativu lekova i medicinskih sredstava za na\u0161e strane partnere.\" \/>\n<meta name=\"robots\" content=\"index, follow, max-snippet:-1, max-image-preview:large, max-video-preview:-1\" \/>\n<link rel=\"canonical\" href=\"https:\/\/beohem3.rs\/sr\/\" \/>\n<meta property=\"og:locale\" content=\"sr_RS\" \/>\n<meta property=\"og:type\" content=\"article\" \/>\n<meta property=\"og:title\" content=\"Veleprodaja farmaceutskih proizvoda, Beohem-3 Beograd\" \/>\n<meta property=\"og:description\" content=\"Kompletna usluga u oblasti lekova i medicinskih sredstava, uklju\u010duju\u0107i registraciju i regulativu lekova i medicinskih sredstava za na\u0161e strane partnere.\" \/>\n<meta property=\"og:url\" content=\"https:\/\/beohem3.rs\/sr\/\" \/>\n<meta property=\"og:site_name\" content=\"Beohem\" \/>\n<meta property=\"article:modified_time\" content=\"2024-12-02T09:24:18+00:00\" \/>\n<meta property=\"og:image\" content=\"http:\/\/beohem3.rs\/wp-content\/uploads\/2021\/10\/ISO_9001_14001_45001.jpg\" \/>\n<meta name=\"twitter:card\" content=\"summary_large_image\" \/>\n<meta name=\"twitter:label1\" content=\"\u041f\u0440\u043e\u0446\u0435\u045a\u0435\u043d\u043e \u0432\u0440\u0435\u043c\u0435 \u0447\u0438\u0442\u0430\u045a\u0430\" \/>\n\t<meta name=\"twitter:data1\" content=\"2 \u043c\u0438\u043d\u0443\u0442\u0430\" \/>\n<script type=\"application\/ld+json\" class=\"yoast-schema-graph\">{\"@context\":\"https:\/\/schema.org\",\"@graph\":[{\"@type\":\"WebPage\",\"@id\":\"https:\/\/beohem3.rs\/sr\/\",\"url\":\"https:\/\/beohem3.rs\/sr\/\",\"name\":\"Veleprodaja farmaceutskih proizvoda, Beohem-3 Beograd\",\"isPartOf\":{\"@id\":\"https:\/\/beohem3.rs\/sr\/#website\"},\"primaryImageOfPage\":{\"@id\":\"https:\/\/beohem3.rs\/sr\/#primaryimage\"},\"image\":{\"@id\":\"https:\/\/beohem3.rs\/sr\/#primaryimage\"},\"thumbnailUrl\":\"http:\/\/beohem3.rs\/wp-content\/uploads\/2021\/10\/ISO_9001_14001_45001.jpg\",\"datePublished\":\"2021-10-07T08:35:50+00:00\",\"dateModified\":\"2024-12-02T09:24:18+00:00\",\"description\":\"Kompletna usluga u oblasti lekova i medicinskih sredstava, uklju\u010duju\u0107i registraciju i regulativu lekova i medicinskih sredstava za na\u0161e strane partnere.\",\"breadcrumb\":{\"@id\":\"https:\/\/beohem3.rs\/sr\/#breadcrumb\"},\"inLanguage\":\"sr-RS\",\"potentialAction\":[{\"@type\":\"ReadAction\",\"target\":[\"https:\/\/beohem3.rs\/sr\/\"]}]},{\"@type\":\"ImageObject\",\"inLanguage\":\"sr-RS\",\"@id\":\"https:\/\/beohem3.rs\/sr\/#primaryimage\",\"url\":\"http:\/\/beohem3.rs\/wp-content\/uploads\/2021\/10\/ISO_9001_14001_45001.jpg\",\"contentUrl\":\"http:\/\/beohem3.rs\/wp-content\/uploads\/2021\/10\/ISO_9001_14001_45001.jpg\"},{\"@type\":\"BreadcrumbList\",\"@id\":\"https:\/\/beohem3.rs\/sr\/#breadcrumb\",\"itemListElement\":[{\"@type\":\"ListItem\",\"position\":1,\"name\":\"\u041f\u043e\u0447\u0435\u0442\u043d\u0430\",\"item\":\"https:\/\/beohem3.rs\/sr\/\"},{\"@type\":\"ListItem\",\"position\":2,\"name\":\"Dobrodo\u0161li\"}]},{\"@type\":\"WebSite\",\"@id\":\"https:\/\/beohem3.rs\/sr\/#website\",\"url\":\"https:\/\/beohem3.rs\/sr\/\",\"name\":\"Beohem\",\"description\":\"Uvoz, izvoz i distribucija farmaceutskih proizvoda\",\"potentialAction\":[{\"@type\":\"SearchAction\",\"target\":{\"@type\":\"EntryPoint\",\"urlTemplate\":\"https:\/\/beohem3.rs\/sr\/?s={search_term_string}\"},\"query-input\":\"required name=search_term_string\"}],\"inLanguage\":\"sr-RS\"}]}<\/script>\n<!-- \/ Yoast SEO plugin. -->","yoast_head_json":{"title":"Veleprodaja farmaceutskih proizvoda, Beohem-3 Beograd","description":"Kompletna usluga u oblasti lekova i medicinskih sredstava, uklju\u010duju\u0107i registraciju i regulativu lekova i medicinskih sredstava za na\u0161e strane partnere.","robots":{"index":"index","follow":"follow","max-snippet":"max-snippet:-1","max-image-preview":"max-image-preview:large","max-video-preview":"max-video-preview:-1"},"canonical":"https:\/\/beohem3.rs\/sr\/","og_locale":"sr_RS","og_type":"article","og_title":"Veleprodaja farmaceutskih proizvoda, Beohem-3 Beograd","og_description":"Kompletna usluga u oblasti lekova i medicinskih sredstava, uklju\u010duju\u0107i registraciju i regulativu lekova i medicinskih sredstava za na\u0161e strane partnere.","og_url":"https:\/\/beohem3.rs\/sr\/","og_site_name":"Beohem","article_modified_time":"2024-12-02T09:24:18+00:00","og_image":[{"url":"http:\/\/beohem3.rs\/wp-content\/uploads\/2021\/10\/ISO_9001_14001_45001.jpg"}],"twitter_card":"summary_large_image","twitter_misc":{"\u041f\u0440\u043e\u0446\u0435\u045a\u0435\u043d\u043e \u0432\u0440\u0435\u043c\u0435 \u0447\u0438\u0442\u0430\u045a\u0430":"2 \u043c\u0438\u043d\u0443\u0442\u0430"},"schema":{"@context":"https:\/\/schema.org","@graph":[{"@type":"WebPage","@id":"https:\/\/beohem3.rs\/sr\/","url":"https:\/\/beohem3.rs\/sr\/","name":"Veleprodaja farmaceutskih proizvoda, Beohem-3 Beograd","isPartOf":{"@id":"https:\/\/beohem3.rs\/sr\/#website"},"primaryImageOfPage":{"@id":"https:\/\/beohem3.rs\/sr\/#primaryimage"},"image":{"@id":"https:\/\/beohem3.rs\/sr\/#primaryimage"},"thumbnailUrl":"http:\/\/beohem3.rs\/wp-content\/uploads\/2021\/10\/ISO_9001_14001_45001.jpg","datePublished":"2021-10-07T08:35:50+00:00","dateModified":"2024-12-02T09:24:18+00:00","description":"Kompletna usluga u oblasti lekova i medicinskih sredstava, uklju\u010duju\u0107i registraciju i regulativu lekova i medicinskih sredstava za na\u0161e strane partnere.","breadcrumb":{"@id":"https:\/\/beohem3.rs\/sr\/#breadcrumb"},"inLanguage":"sr-RS","potentialAction":[{"@type":"ReadAction","target":["https:\/\/beohem3.rs\/sr\/"]}]},{"@type":"ImageObject","inLanguage":"sr-RS","@id":"https:\/\/beohem3.rs\/sr\/#primaryimage","url":"http:\/\/beohem3.rs\/wp-content\/uploads\/2021\/10\/ISO_9001_14001_45001.jpg","contentUrl":"http:\/\/beohem3.rs\/wp-content\/uploads\/2021\/10\/ISO_9001_14001_45001.jpg"},{"@type":"BreadcrumbList","@id":"https:\/\/beohem3.rs\/sr\/#breadcrumb","itemListElement":[{"@type":"ListItem","position":1,"name":"\u041f\u043e\u0447\u0435\u0442\u043d\u0430","item":"https:\/\/beohem3.rs\/sr\/"},{"@type":"ListItem","position":2,"name":"Dobrodo\u0161li"}]},{"@type":"WebSite","@id":"https:\/\/beohem3.rs\/sr\/#website","url":"https:\/\/beohem3.rs\/sr\/","name":"Beohem","description":"Uvoz, izvoz i distribucija farmaceutskih proizvoda","potentialAction":[{"@type":"SearchAction","target":{"@type":"EntryPoint","urlTemplate":"https:\/\/beohem3.rs\/sr\/?s={search_term_string}"},"query-input":"required name=search_term_string"}],"inLanguage":"sr-RS"}]}},"_links":{"self":[{"href":"https:\/\/beohem3.rs\/sr\/wp-json\/wp\/v2\/pages\/2","targetHints":{"allow":["GET"]}}],"collection":[{"href":"https:\/\/beohem3.rs\/sr\/wp-json\/wp\/v2\/pages"}],"about":[{"href":"https:\/\/beohem3.rs\/sr\/wp-json\/wp\/v2\/types\/page"}],"author":[{"embeddable":true,"href":"https:\/\/beohem3.rs\/sr\/wp-json\/wp\/v2\/users\/1"}],"replies":[{"embeddable":true,"href":"https:\/\/beohem3.rs\/sr\/wp-json\/wp\/v2\/comments?post=2"}],"version-history":[{"count":53,"href":"https:\/\/beohem3.rs\/sr\/wp-json\/wp\/v2\/pages\/2\/revisions"}],"predecessor-version":[{"id":323,"href":"https:\/\/beohem3.rs\/sr\/wp-json\/wp\/v2\/pages\/2\/revisions\/323"}],"wp:attachment":[{"href":"https:\/\/beohem3.rs\/sr\/wp-json\/wp\/v2\/media?parent=2"}],"curies":[{"name":"wp","href":"https:\/\/api.w.org\/{rel}","templated":true}]}}