{"id":15,"date":"2021-10-11T20:34:37","date_gmt":"2021-10-11T20:34:37","guid":{"rendered":"http:\/\/beohem3.rs\/?page_id=15"},"modified":"2024-12-02T09:24:50","modified_gmt":"2024-12-02T09:24:50","slug":"sertifikati","status":"publish","type":"page","link":"https:\/\/beohem3.rs\/sr\/sertifikati\/","title":{"rendered":"Sertifikati"},"content":{"rendered":"<p>[vc_row][vc_column][vc_column_text]<img loading=\"lazy\" decoding=\"async\" class=\"aligncenter wp-image-168 size-full\" src=\"http:\/\/beohem3.rs\/wp-content\/uploads\/2021\/10\/sertifikati-slide.jpg\" alt=\"\" width=\"1920\" height=\"870\" srcset=\"https:\/\/beohem3.rs\/wp-content\/uploads\/2021\/10\/sertifikati-slide.jpg 1920w, https:\/\/beohem3.rs\/wp-content\/uploads\/2021\/10\/sertifikati-slide-300x136.jpg 300w, https:\/\/beohem3.rs\/wp-content\/uploads\/2021\/10\/sertifikati-slide-1024x464.jpg 1024w, https:\/\/beohem3.rs\/wp-content\/uploads\/2021\/10\/sertifikati-slide-768x348.jpg 768w, https:\/\/beohem3.rs\/wp-content\/uploads\/2021\/10\/sertifikati-slide-1536x696.jpg 1536w\" sizes=\"auto, (max-width: 1920px) 100vw, 1920px\" \/><\/p>\n<p>&nbsp;<\/p>\n<h3>ISO 9001\/ISO 14001\/ISO 45001<\/h3>\n<p>\u017delimo da efektivno odgovaramo na zahteve tr\u017ei\u0161ta, stoga smo 2008. u procese rada implementirali sistem menad\u017ementa kvalitetom uskla\u0111en sa standardom ISO 9001. Odgovornost prema \u017eivotnoj sredini rezultirala je uvo\u0111enjem sistema menad\u017ementa prema smernicama ISO 14001, a upravljanje bezbedno\u0161\u0107u i zdravljem na radu sertifikovano je u skladu sa standardom ISO 45001. Sertifikaciju i nadzorne provere vr\u0161i \u0161vajcarska sertifikaciona ku\u0107a SGS.<\/p>\n<p>&nbsp;<\/p>\n<p><a href=\"https:\/\/www.sgs.com\/en-rs\/certified-clients-and-products\/certified-client-directory\" target=\"_blank\" rel=\"noopener\"><img loading=\"lazy\" decoding=\"async\" class=\"alignnone wp-image-194 size-full\" src=\"http:\/\/beohem3.rs\/wp-content\/uploads\/2021\/10\/ISO_9001_14001_45001.jpg\" alt=\"\" width=\"634\" height=\"168\" srcset=\"https:\/\/beohem3.rs\/wp-content\/uploads\/2021\/10\/ISO_9001_14001_45001.jpg 634w, https:\/\/beohem3.rs\/wp-content\/uploads\/2021\/10\/ISO_9001_14001_45001-300x79.jpg 300w\" sizes=\"auto, (max-width: 634px) 100vw, 634px\" \/><\/a>[\/vc_column_text][\/vc_column][\/vc_row]<\/p>\n","protected":false},"excerpt":{"rendered":"<p>[vc_row][vc_column][vc_column_text] &nbsp; ISO 9001\/ISO 14001\/ISO 45001 \u017delimo da efektivno odgovaramo na zahteve tr\u017ei\u0161ta, stoga smo 2008. u procese rada implementirali sistem menad\u017ementa kvalitetom uskla\u0111en sa standardom ISO 9001. Odgovornost prema \u017eivotnoj sredini rezultirala je uvo\u0111enjem sistema menad\u017ementa prema smernicama ISO 14001, a upravljanje bezbedno\u0161\u0107u i zdravljem na radu sertifikovano je u skladu sa standardom ISO&hellip;<\/p>\n","protected":false},"author":1,"featured_media":0,"parent":0,"menu_order":0,"comment_status":"closed","ping_status":"closed","template":"","meta":[],"class_list":["post-15","page","type-page","status-publish","hentry","description-off"],"yoast_head":"<!-- This site is optimized with the Yoast SEO plugin v22.2 - https:\/\/yoast.com\/wordpress\/plugins\/seo\/ -->\n<title>Sertifikati - Beohem<\/title>\n<meta name=\"robots\" content=\"index, follow, max-snippet:-1, max-image-preview:large, max-video-preview:-1\" \/>\n<link rel=\"canonical\" href=\"https:\/\/beohem3.rs\/sr\/sertifikati\/\" \/>\n<meta property=\"og:locale\" content=\"sr_RS\" \/>\n<meta property=\"og:type\" content=\"article\" \/>\n<meta property=\"og:title\" content=\"Sertifikati - Beohem\" \/>\n<meta property=\"og:description\" content=\"[vc_row][vc_column][vc_column_text] &nbsp; ISO 9001\/ISO 14001\/ISO 45001 \u017delimo da efektivno odgovaramo na zahteve tr\u017ei\u0161ta, stoga smo 2008. u procese rada implementirali sistem menad\u017ementa kvalitetom uskla\u0111en sa standardom ISO 9001. Odgovornost prema \u017eivotnoj sredini rezultirala je uvo\u0111enjem sistema menad\u017ementa prema smernicama ISO 14001, a upravljanje bezbedno\u0161\u0107u i zdravljem na radu sertifikovano je u skladu sa standardom ISO&hellip;\" \/>\n<meta property=\"og:url\" content=\"https:\/\/beohem3.rs\/sr\/sertifikati\/\" \/>\n<meta property=\"og:site_name\" content=\"Beohem\" \/>\n<meta property=\"article:modified_time\" content=\"2024-12-02T09:24:50+00:00\" \/>\n<meta property=\"og:image\" content=\"http:\/\/beohem3.rs\/wp-content\/uploads\/2021\/10\/sertifikati-slide.jpg\" \/>\n<meta name=\"twitter:card\" content=\"summary_large_image\" \/>\n<meta name=\"twitter:label1\" content=\"\u041f\u0440\u043e\u0446\u0435\u045a\u0435\u043d\u043e \u0432\u0440\u0435\u043c\u0435 \u0447\u0438\u0442\u0430\u045a\u0430\" \/>\n\t<meta name=\"twitter:data1\" content=\"1 \u043c\u0438\u043d\u0443\u0442\" \/>\n<script type=\"application\/ld+json\" class=\"yoast-schema-graph\">{\"@context\":\"https:\/\/schema.org\",\"@graph\":[{\"@type\":\"WebPage\",\"@id\":\"https:\/\/beohem3.rs\/sr\/sertifikati\/\",\"url\":\"https:\/\/beohem3.rs\/sr\/sertifikati\/\",\"name\":\"Sertifikati - Beohem\",\"isPartOf\":{\"@id\":\"https:\/\/beohem3.rs\/sr\/#website\"},\"primaryImageOfPage\":{\"@id\":\"https:\/\/beohem3.rs\/sr\/sertifikati\/#primaryimage\"},\"image\":{\"@id\":\"https:\/\/beohem3.rs\/sr\/sertifikati\/#primaryimage\"},\"thumbnailUrl\":\"http:\/\/beohem3.rs\/wp-content\/uploads\/2021\/10\/sertifikati-slide.jpg\",\"datePublished\":\"2021-10-11T20:34:37+00:00\",\"dateModified\":\"2024-12-02T09:24:50+00:00\",\"breadcrumb\":{\"@id\":\"https:\/\/beohem3.rs\/sr\/sertifikati\/#breadcrumb\"},\"inLanguage\":\"sr-RS\",\"potentialAction\":[{\"@type\":\"ReadAction\",\"target\":[\"https:\/\/beohem3.rs\/sr\/sertifikati\/\"]}]},{\"@type\":\"ImageObject\",\"inLanguage\":\"sr-RS\",\"@id\":\"https:\/\/beohem3.rs\/sr\/sertifikati\/#primaryimage\",\"url\":\"http:\/\/beohem3.rs\/wp-content\/uploads\/2021\/10\/sertifikati-slide.jpg\",\"contentUrl\":\"http:\/\/beohem3.rs\/wp-content\/uploads\/2021\/10\/sertifikati-slide.jpg\"},{\"@type\":\"BreadcrumbList\",\"@id\":\"https:\/\/beohem3.rs\/sr\/sertifikati\/#breadcrumb\",\"itemListElement\":[{\"@type\":\"ListItem\",\"position\":1,\"name\":\"\u041f\u043e\u0447\u0435\u0442\u043d\u0430\",\"item\":\"https:\/\/beohem3.rs\/sr\/\"},{\"@type\":\"ListItem\",\"position\":2,\"name\":\"Sertifikati\"}]},{\"@type\":\"WebSite\",\"@id\":\"https:\/\/beohem3.rs\/sr\/#website\",\"url\":\"https:\/\/beohem3.rs\/sr\/\",\"name\":\"Beohem\",\"description\":\"Uvoz, izvoz i distribucija farmaceutskih proizvoda\",\"potentialAction\":[{\"@type\":\"SearchAction\",\"target\":{\"@type\":\"EntryPoint\",\"urlTemplate\":\"https:\/\/beohem3.rs\/sr\/?s={search_term_string}\"},\"query-input\":\"required name=search_term_string\"}],\"inLanguage\":\"sr-RS\"}]}<\/script>\n<!-- \/ Yoast SEO plugin. -->","yoast_head_json":{"title":"Sertifikati - Beohem","robots":{"index":"index","follow":"follow","max-snippet":"max-snippet:-1","max-image-preview":"max-image-preview:large","max-video-preview":"max-video-preview:-1"},"canonical":"https:\/\/beohem3.rs\/sr\/sertifikati\/","og_locale":"sr_RS","og_type":"article","og_title":"Sertifikati - Beohem","og_description":"[vc_row][vc_column][vc_column_text] &nbsp; ISO 9001\/ISO 14001\/ISO 45001 \u017delimo da efektivno odgovaramo na zahteve tr\u017ei\u0161ta, stoga smo 2008. u procese rada implementirali sistem menad\u017ementa kvalitetom uskla\u0111en sa standardom ISO 9001. Odgovornost prema \u017eivotnoj sredini rezultirala je uvo\u0111enjem sistema menad\u017ementa prema smernicama ISO 14001, a upravljanje bezbedno\u0161\u0107u i zdravljem na radu sertifikovano je u skladu sa standardom ISO&hellip;","og_url":"https:\/\/beohem3.rs\/sr\/sertifikati\/","og_site_name":"Beohem","article_modified_time":"2024-12-02T09:24:50+00:00","og_image":[{"url":"http:\/\/beohem3.rs\/wp-content\/uploads\/2021\/10\/sertifikati-slide.jpg"}],"twitter_card":"summary_large_image","twitter_misc":{"\u041f\u0440\u043e\u0446\u0435\u045a\u0435\u043d\u043e \u0432\u0440\u0435\u043c\u0435 \u0447\u0438\u0442\u0430\u045a\u0430":"1 \u043c\u0438\u043d\u0443\u0442"},"schema":{"@context":"https:\/\/schema.org","@graph":[{"@type":"WebPage","@id":"https:\/\/beohem3.rs\/sr\/sertifikati\/","url":"https:\/\/beohem3.rs\/sr\/sertifikati\/","name":"Sertifikati - Beohem","isPartOf":{"@id":"https:\/\/beohem3.rs\/sr\/#website"},"primaryImageOfPage":{"@id":"https:\/\/beohem3.rs\/sr\/sertifikati\/#primaryimage"},"image":{"@id":"https:\/\/beohem3.rs\/sr\/sertifikati\/#primaryimage"},"thumbnailUrl":"http:\/\/beohem3.rs\/wp-content\/uploads\/2021\/10\/sertifikati-slide.jpg","datePublished":"2021-10-11T20:34:37+00:00","dateModified":"2024-12-02T09:24:50+00:00","breadcrumb":{"@id":"https:\/\/beohem3.rs\/sr\/sertifikati\/#breadcrumb"},"inLanguage":"sr-RS","potentialAction":[{"@type":"ReadAction","target":["https:\/\/beohem3.rs\/sr\/sertifikati\/"]}]},{"@type":"ImageObject","inLanguage":"sr-RS","@id":"https:\/\/beohem3.rs\/sr\/sertifikati\/#primaryimage","url":"http:\/\/beohem3.rs\/wp-content\/uploads\/2021\/10\/sertifikati-slide.jpg","contentUrl":"http:\/\/beohem3.rs\/wp-content\/uploads\/2021\/10\/sertifikati-slide.jpg"},{"@type":"BreadcrumbList","@id":"https:\/\/beohem3.rs\/sr\/sertifikati\/#breadcrumb","itemListElement":[{"@type":"ListItem","position":1,"name":"\u041f\u043e\u0447\u0435\u0442\u043d\u0430","item":"https:\/\/beohem3.rs\/sr\/"},{"@type":"ListItem","position":2,"name":"Sertifikati"}]},{"@type":"WebSite","@id":"https:\/\/beohem3.rs\/sr\/#website","url":"https:\/\/beohem3.rs\/sr\/","name":"Beohem","description":"Uvoz, izvoz i distribucija farmaceutskih proizvoda","potentialAction":[{"@type":"SearchAction","target":{"@type":"EntryPoint","urlTemplate":"https:\/\/beohem3.rs\/sr\/?s={search_term_string}"},"query-input":"required name=search_term_string"}],"inLanguage":"sr-RS"}]}},"_links":{"self":[{"href":"https:\/\/beohem3.rs\/sr\/wp-json\/wp\/v2\/pages\/15","targetHints":{"allow":["GET"]}}],"collection":[{"href":"https:\/\/beohem3.rs\/sr\/wp-json\/wp\/v2\/pages"}],"about":[{"href":"https:\/\/beohem3.rs\/sr\/wp-json\/wp\/v2\/types\/page"}],"author":[{"embeddable":true,"href":"https:\/\/beohem3.rs\/sr\/wp-json\/wp\/v2\/users\/1"}],"replies":[{"embeddable":true,"href":"https:\/\/beohem3.rs\/sr\/wp-json\/wp\/v2\/comments?post=15"}],"version-history":[{"count":8,"href":"https:\/\/beohem3.rs\/sr\/wp-json\/wp\/v2\/pages\/15\/revisions"}],"predecessor-version":[{"id":324,"href":"https:\/\/beohem3.rs\/sr\/wp-json\/wp\/v2\/pages\/15\/revisions\/324"}],"wp:attachment":[{"href":"https:\/\/beohem3.rs\/sr\/wp-json\/wp\/v2\/media?parent=15"}],"curies":[{"name":"wp","href":"https:\/\/api.w.org\/{rel}","templated":true}]}}