{"id":11,"date":"2021-10-11T20:33:55","date_gmt":"2021-10-11T20:33:55","guid":{"rendered":"http:\/\/beohem3.rs\/?page_id=11"},"modified":"2021-11-12T13:53:12","modified_gmt":"2021-11-12T13:53:12","slug":"o-nama","status":"publish","type":"page","link":"https:\/\/beohem3.rs\/sr\/o-nama\/","title":{"rendered":"O nama"},"content":{"rendered":"<p>[vc_row][vc_column][\/vc_column][\/vc_row][vc_row bg_type=&#8220;image&#8220; parallax_style=&#8220;vcpb-default&#8220; bg_image_new=&#8220;id^56|url^http:\/\/beohem3.rs\/wp-content\/uploads\/2021\/10\/kancelarija-beohem.jpg|caption^null|alt^null|title^kancelarija-beohem|description^null&#8220; bg_image_repeat=&#8220;no-repeat&#8220;][vc_column width=&#8220;1\/2&#8243; css=&#8220;.vc_custom_1634633169411{background-color: rgba(255,255,255,0.8) !important;*background-color: rgb(255,255,255) !important;}&#8220;][vc_empty_space height=&#8220;80&#8243;][vc_column_text css=&#8220;.vc_custom_1634736976730{padding-top: 20px !important;padding-right: 20px !important;padding-bottom: 20px !important;padding-left: 20px !important;}&#8220;]<\/p>\n<h1><span class=\"dt-highlight\" ><\/span>\u00a0 O nama<\/h1>\n<p>&nbsp;<\/p>\n<h4>Beohem-3 d.o.o. je osnovan 1997. u Beogradu kao preduze\u0107e za uvoz i izvoz sa prete\u017enom delatno\u0161\u0107u trgovine na veliko farmaceutskim proizvodima.<\/h4>\n<h4>Na\u0161a delatnost obuhvata kompletnu uslugu u oblasti lekova i medicinskih sredstava, uklju\u010duju\u0107i registraciju i regulativu lekova i medicinskih sredstava za na\u0161e strane partnere, uvoz, marketing i prodaju.<\/h4>\n<p>[\/vc_column_text][vc_empty_space height=&#8220;80&#8243;][\/vc_column][vc_column width=&#8220;1\/2&#8243;][\/vc_column][\/vc_row][vc_row][vc_column][vc_empty_space height=&#8220;30&#8243;]<div class=\"smile_icon_list_wrap ult-adjust-bottom-margin  \"><ul class=\"smile_icon_list left hexagon\"><li class=\"icon_list_item\" style=\" font-size:45px;\"><div class=\"icon_list_icon\" data-animation=\"\" data-animation-delay=\"03\" style=\"font-size:15px;background:#f4f4f4;color:#333333;border-color:#f4f4f4;\"><img decoding=\"async\" class=\"list-img-icon\" alt=\"null\" src=\"https:\/\/beohem3.rs\/wp-content\/uploads\/2021\/10\/b-logo.png\"\/><\/div><div class=\"icon_description\" id=\"Info-list-wrap-3166\" style=\"font-size:15px;\"><div class=\"icon_description_text ult-responsive\"  data-ultimate-target='#Info-list-wrap-3166 .icon_description_text'  data-responsive-json-new='{\"font-size\":\"desktop:16px;\",\"line-height\":\"desktop:20px;\"}'  style=\"\"><p>Primarna orijentacija firme je rad sa proizvodima svetski poznatih kompanija zasnovan na ugovorima o zastupanju i ekskluzivnoj distribuciji, sa ciljem obezbe\u0111ivanja vrhunskog kvaliteta proizvoda i usluge kupcima.<\/p>\n<p>Na\u0161im stranim principalima pru\u017eamo kompletnu uslugu marketinga, prodaje i distribucije, kao i regulativu i vigilancu u oblasti lekova i medicinskih sredstava.<\/p>\n<\/div><\/div><div class=\"icon_list_connector\"  style=\"border-color:#333333;\"><\/div><\/li><li class=\"icon_list_item\" style=\" font-size:45px;\"><div class=\"icon_list_icon\" data-animation=\"\" data-animation-delay=\"03\" style=\"font-size:15px;background:#f4f4f4;color:#333333;border-color:#f4f4f4;\"><img decoding=\"async\" class=\"list-img-icon\" alt=\"null\" src=\"https:\/\/beohem3.rs\/wp-content\/uploads\/2021\/10\/b-logo.png\"\/><\/div><div class=\"icon_description\" id=\"Info-list-wrap-7131\" style=\"font-size:15px;\"><div class=\"icon_description_text ult-responsive\"  data-ultimate-target='#Info-list-wrap-7131 .icon_description_text'  data-responsive-json-new='{\"font-size\":\"desktop:16px;\",\"line-height\":\"desktop:20px;\"}'  style=\"\"><p>Efikasna i pouzdana usluga uz potpunu orijentisanost ka klijentima predstavlja pristup koji negujemo. Na\u0161 tim saradnika sastavljen je od posve\u0107enih stru\u010dnjaka, \u0161to uz profesionalnost i konstantno pra\u0107enje novina u delatnosti \u010dini na\u0161e trajno usmerenje.<\/p>\n<\/div><\/div><div class=\"icon_list_connector\"  style=\"border-color:#333333;\"><\/div><\/li><li class=\"icon_list_item\" style=\" font-size:45px;\"><div class=\"icon_list_icon\" data-animation=\"\" data-animation-delay=\"03\" style=\"font-size:15px;background:#f4f4f4;color:#333333;border-color:#f4f4f4;\"><img decoding=\"async\" class=\"list-img-icon\" alt=\"null\" src=\"https:\/\/beohem3.rs\/wp-content\/uploads\/2021\/10\/b-logo.png\"\/><\/div><div class=\"icon_description\" id=\"Info-list-wrap-6980\" style=\"font-size:15px;\"><div class=\"icon_description_text ult-responsive\"  data-ultimate-target='#Info-list-wrap-6980 .icon_description_text'  data-responsive-json-new='{\"font-size\":\"desktop:16px;\",\"line-height\":\"desktop:20px;\"}'  style=\"\"><p>Tokom niza godina uspe\u0161no sara\u0111ujemo sa velikim brojem medicinskih ustanova, uklju\u010duju\u0107i klini\u010dke centre, bolnice, domove zdravlja, apoteke, veledrogerije i laboratorije, uz viziju da delatnost konstantno pro\u0161irujemo i nadogra\u0111ujemo.<\/p>\n<\/div><\/div><div class=\"icon_list_connector\"  style=\"border-color:#333333;\"><\/div><\/li><\/ul><\/div><div class=\" ubtn-ctn-left \"><a class=\"ubtn-link ult-adjust-bottom-margin ubtn-left ubtn-small \" href = \"http:\/\/beohem3.rs\/wp-content\/uploads\/2021\/11\/Politika-kvaliteta.pdf\" target='_blank' ><button type=\"button\" id=\"ubtn-9245\" class=\"ubtn ult-adjust-bottom-margin ult-responsive ubtn-small ubtn-no-hover-bg  none  ubtn-left   tooltip-69db6ba367a51\"  data-hover=\"#262626\" data-border-color=\"\" data-bg=\"#1e73be\" data-hover-bg=\"#ededed\" data-border-hover=\"\" data-shadow-hover=\"\" data-shadow-click=\"none\" data-shadow=\"\" data-shd-shadow=\"\"  data-ultimate-target='#ubtn-9245'  data-responsive-json-new='{\"font-size\":\"desktop:20px;\",\"line-height\":\"desktop:25px;\"}'  style=\"font-weight:normal;border:none;background: #1e73be;color: #ffffff;\"><span class=\"ubtn-hover\" style=\"background-color:#ededed\"><\/span><span class=\"ubtn-data ubtn-text \" >Politika kvaliteta<\/span><\/button><\/a><\/div>[vc_empty_space height=&#8220;30&#8243;][\/vc_column][\/vc_row][vc_row bg_type=&#8220;image&#8220; parallax_style=&#8220;vcpb-default&#8220; bg_image_new=&#8220;id^64|url^http:\/\/beohem3.rs\/wp-content\/uploads\/2021\/10\/magacin-beohem.jpg|caption^null|alt^null|title^magacin-beohem|description^null&#8220; bg_image_repeat=&#8220;no-repeat&#8220;][vc_column width=&#8220;1\/2&#8243; css=&#8220;.vc_custom_1634737021867{background-color: rgba(255,255,255,0.83) !important;*background-color: rgb(255,255,255) !important;}&#8220;][vc_empty_space height=&#8220;100&#8243;][vc_column_text css=&#8220;.vc_custom_1634737050520{padding-top: 20px !important;padding-right: 20px !important;padding-bottom: 20px !important;padding-left: 20px !important;}&#8220;]<\/p>\n<h3><span class=\"dt-highlight\" ><\/span>\u00a0\u00a0 Na\u0161 magacin<\/h3>\n<p>&nbsp;<\/p>\n<h4>Magacin povr\u0161ine 421 m2 nalazi se u Vilinim vodama u Beogradu i ispunjava sve savremene zahteve za skladi\u0161tenje lekova i medicinskih sredstava.<\/h4>\n<h4>U njegovom sastavu su hladna soba i hladne komore za sme\u0161taj i \u010duvanje proizvoda koji zahtevaju posebne temperaturne uslove, dok ostatak magacina ima ambijentalnu temperaturu od 22\u00b0C. U magacinu se 24h vr\u0161i monitoring temperature i vla\u017enosti vazduha.<\/h4>\n<h4>Dostavna vozila opremljena sistemom za transport u hladnom lancu omogu\u0107avaju efikasan i potpuno siguran na\u010din isporuke proizvoda kupcima.<\/h4>\n<p>[\/vc_column_text][vc_empty_space height=&#8220;100&#8243;][\/vc_column][vc_column width=&#8220;1\/2&#8243;][\/vc_column][\/vc_row]<\/p>\n","protected":false},"excerpt":{"rendered":"<p>[vc_row][vc_column][\/vc_column][\/vc_row][vc_row bg_type=&#8220;image&#8220; parallax_style=&#8220;vcpb-default&#8220; bg_image_new=&#8220;id^56|url^http:\/\/beohem3.rs\/wp-content\/uploads\/2021\/10\/kancelarija-beohem.jpg|caption^null|alt^null|title^kancelarija-beohem|description^null&#8220; bg_image_repeat=&#8220;no-repeat&#8220;][vc_column width=&#8220;1\/2&#8243; css=&#8220;.vc_custom_1634633169411{background-color: rgba(255,255,255,0.8) !important;*background-color: rgb(255,255,255) !important;}&#8220;][vc_empty_space height=&#8220;80&#8243;][vc_column_text css=&#8220;.vc_custom_1634736976730{padding-top: 20px !important;padding-right: 20px !important;padding-bottom: 20px !important;padding-left: 20px !important;}&#8220;] \u00a0 O nama &nbsp; Beohem-3 d.o.o. je osnovan 1997. u Beogradu kao preduze\u0107e za uvoz i izvoz sa prete\u017enom delatno\u0161\u0107u trgovine na veliko farmaceutskim proizvodima. Na\u0161a delatnost obuhvata kompletnu uslugu u oblasti lekova i&hellip;<\/p>\n","protected":false},"author":1,"featured_media":0,"parent":0,"menu_order":0,"comment_status":"closed","ping_status":"closed","template":"","meta":[],"class_list":["post-11","page","type-page","status-publish","hentry","description-off"],"yoast_head":"<!-- This site is optimized with the Yoast SEO plugin v22.2 - https:\/\/yoast.com\/wordpress\/plugins\/seo\/ -->\n<title>O nama - Beohem<\/title>\n<meta name=\"robots\" content=\"index, follow, max-snippet:-1, max-image-preview:large, max-video-preview:-1\" \/>\n<link rel=\"canonical\" href=\"https:\/\/beohem3.rs\/sr\/o-nama\/\" \/>\n<meta property=\"og:locale\" content=\"sr_RS\" \/>\n<meta property=\"og:type\" content=\"article\" \/>\n<meta property=\"og:title\" content=\"O nama - Beohem\" \/>\n<meta property=\"og:description\" content=\"[vc_row][vc_column][\/vc_column][\/vc_row][vc_row bg_type=&#8220;image&#8220; parallax_style=&#8220;vcpb-default&#8220; bg_image_new=&#8220;id^56|url^http:\/\/beohem3.rs\/wp-content\/uploads\/2021\/10\/kancelarija-beohem.jpg|caption^null|alt^null|title^kancelarija-beohem|description^null&#8220; bg_image_repeat=&#8220;no-repeat&#8220;][vc_column width=&#8220;1\/2&#8243; css=&#8220;.vc_custom_1634633169411{background-color: rgba(255,255,255,0.8) !important;*background-color: rgb(255,255,255) !important;}&#8220;][vc_empty_space height=&#8220;80&#8243;][vc_column_text css=&#8220;.vc_custom_1634736976730{padding-top: 20px !important;padding-right: 20px !important;padding-bottom: 20px !important;padding-left: 20px !important;}&#8220;] \u00a0 O nama &nbsp; Beohem-3 d.o.o. je osnovan 1997. u Beogradu kao preduze\u0107e za uvoz i izvoz sa prete\u017enom delatno\u0161\u0107u trgovine na veliko farmaceutskim proizvodima. Na\u0161a delatnost obuhvata kompletnu uslugu u oblasti lekova i&hellip;\" \/>\n<meta property=\"og:url\" content=\"https:\/\/beohem3.rs\/sr\/o-nama\/\" \/>\n<meta property=\"og:site_name\" content=\"Beohem\" \/>\n<meta property=\"article:modified_time\" content=\"2021-11-12T13:53:12+00:00\" \/>\n<meta name=\"twitter:card\" content=\"summary_large_image\" \/>\n<meta name=\"twitter:label1\" content=\"\u041f\u0440\u043e\u0446\u0435\u045a\u0435\u043d\u043e \u0432\u0440\u0435\u043c\u0435 \u0447\u0438\u0442\u0430\u045a\u0430\" \/>\n\t<meta name=\"twitter:data1\" content=\"2 \u043c\u0438\u043d\u0443\u0442\u0430\" \/>\n<script type=\"application\/ld+json\" class=\"yoast-schema-graph\">{\"@context\":\"https:\/\/schema.org\",\"@graph\":[{\"@type\":\"WebPage\",\"@id\":\"https:\/\/beohem3.rs\/sr\/o-nama\/\",\"url\":\"https:\/\/beohem3.rs\/sr\/o-nama\/\",\"name\":\"O nama - Beohem\",\"isPartOf\":{\"@id\":\"https:\/\/beohem3.rs\/sr\/#website\"},\"datePublished\":\"2021-10-11T20:33:55+00:00\",\"dateModified\":\"2021-11-12T13:53:12+00:00\",\"breadcrumb\":{\"@id\":\"https:\/\/beohem3.rs\/sr\/o-nama\/#breadcrumb\"},\"inLanguage\":\"sr-RS\",\"potentialAction\":[{\"@type\":\"ReadAction\",\"target\":[\"https:\/\/beohem3.rs\/sr\/o-nama\/\"]}]},{\"@type\":\"BreadcrumbList\",\"@id\":\"https:\/\/beohem3.rs\/sr\/o-nama\/#breadcrumb\",\"itemListElement\":[{\"@type\":\"ListItem\",\"position\":1,\"name\":\"\u041f\u043e\u0447\u0435\u0442\u043d\u0430\",\"item\":\"https:\/\/beohem3.rs\/sr\/\"},{\"@type\":\"ListItem\",\"position\":2,\"name\":\"O nama\"}]},{\"@type\":\"WebSite\",\"@id\":\"https:\/\/beohem3.rs\/sr\/#website\",\"url\":\"https:\/\/beohem3.rs\/sr\/\",\"name\":\"Beohem\",\"description\":\"Uvoz, izvoz i distribucija farmaceutskih proizvoda\",\"potentialAction\":[{\"@type\":\"SearchAction\",\"target\":{\"@type\":\"EntryPoint\",\"urlTemplate\":\"https:\/\/beohem3.rs\/sr\/?s={search_term_string}\"},\"query-input\":\"required name=search_term_string\"}],\"inLanguage\":\"sr-RS\"}]}<\/script>\n<!-- \/ Yoast SEO plugin. -->","yoast_head_json":{"title":"O nama - Beohem","robots":{"index":"index","follow":"follow","max-snippet":"max-snippet:-1","max-image-preview":"max-image-preview:large","max-video-preview":"max-video-preview:-1"},"canonical":"https:\/\/beohem3.rs\/sr\/o-nama\/","og_locale":"sr_RS","og_type":"article","og_title":"O nama - Beohem","og_description":"[vc_row][vc_column][\/vc_column][\/vc_row][vc_row bg_type=&#8220;image&#8220; parallax_style=&#8220;vcpb-default&#8220; bg_image_new=&#8220;id^56|url^http:\/\/beohem3.rs\/wp-content\/uploads\/2021\/10\/kancelarija-beohem.jpg|caption^null|alt^null|title^kancelarija-beohem|description^null&#8220; bg_image_repeat=&#8220;no-repeat&#8220;][vc_column width=&#8220;1\/2&#8243; css=&#8220;.vc_custom_1634633169411{background-color: rgba(255,255,255,0.8) !important;*background-color: rgb(255,255,255) !important;}&#8220;][vc_empty_space height=&#8220;80&#8243;][vc_column_text css=&#8220;.vc_custom_1634736976730{padding-top: 20px !important;padding-right: 20px !important;padding-bottom: 20px !important;padding-left: 20px !important;}&#8220;] \u00a0 O nama &nbsp; Beohem-3 d.o.o. je osnovan 1997. u Beogradu kao preduze\u0107e za uvoz i izvoz sa prete\u017enom delatno\u0161\u0107u trgovine na veliko farmaceutskim proizvodima. Na\u0161a delatnost obuhvata kompletnu uslugu u oblasti lekova i&hellip;","og_url":"https:\/\/beohem3.rs\/sr\/o-nama\/","og_site_name":"Beohem","article_modified_time":"2021-11-12T13:53:12+00:00","twitter_card":"summary_large_image","twitter_misc":{"\u041f\u0440\u043e\u0446\u0435\u045a\u0435\u043d\u043e \u0432\u0440\u0435\u043c\u0435 \u0447\u0438\u0442\u0430\u045a\u0430":"2 \u043c\u0438\u043d\u0443\u0442\u0430"},"schema":{"@context":"https:\/\/schema.org","@graph":[{"@type":"WebPage","@id":"https:\/\/beohem3.rs\/sr\/o-nama\/","url":"https:\/\/beohem3.rs\/sr\/o-nama\/","name":"O nama - Beohem","isPartOf":{"@id":"https:\/\/beohem3.rs\/sr\/#website"},"datePublished":"2021-10-11T20:33:55+00:00","dateModified":"2021-11-12T13:53:12+00:00","breadcrumb":{"@id":"https:\/\/beohem3.rs\/sr\/o-nama\/#breadcrumb"},"inLanguage":"sr-RS","potentialAction":[{"@type":"ReadAction","target":["https:\/\/beohem3.rs\/sr\/o-nama\/"]}]},{"@type":"BreadcrumbList","@id":"https:\/\/beohem3.rs\/sr\/o-nama\/#breadcrumb","itemListElement":[{"@type":"ListItem","position":1,"name":"\u041f\u043e\u0447\u0435\u0442\u043d\u0430","item":"https:\/\/beohem3.rs\/sr\/"},{"@type":"ListItem","position":2,"name":"O nama"}]},{"@type":"WebSite","@id":"https:\/\/beohem3.rs\/sr\/#website","url":"https:\/\/beohem3.rs\/sr\/","name":"Beohem","description":"Uvoz, izvoz i distribucija farmaceutskih proizvoda","potentialAction":[{"@type":"SearchAction","target":{"@type":"EntryPoint","urlTemplate":"https:\/\/beohem3.rs\/sr\/?s={search_term_string}"},"query-input":"required name=search_term_string"}],"inLanguage":"sr-RS"}]}},"_links":{"self":[{"href":"https:\/\/beohem3.rs\/sr\/wp-json\/wp\/v2\/pages\/11","targetHints":{"allow":["GET"]}}],"collection":[{"href":"https:\/\/beohem3.rs\/sr\/wp-json\/wp\/v2\/pages"}],"about":[{"href":"https:\/\/beohem3.rs\/sr\/wp-json\/wp\/v2\/types\/page"}],"author":[{"embeddable":true,"href":"https:\/\/beohem3.rs\/sr\/wp-json\/wp\/v2\/users\/1"}],"replies":[{"embeddable":true,"href":"https:\/\/beohem3.rs\/sr\/wp-json\/wp\/v2\/comments?post=11"}],"version-history":[{"count":42,"href":"https:\/\/beohem3.rs\/sr\/wp-json\/wp\/v2\/pages\/11\/revisions"}],"predecessor-version":[{"id":294,"href":"https:\/\/beohem3.rs\/sr\/wp-json\/wp\/v2\/pages\/11\/revisions\/294"}],"wp:attachment":[{"href":"https:\/\/beohem3.rs\/sr\/wp-json\/wp\/v2\/media?parent=11"}],"curies":[{"name":"wp","href":"https:\/\/api.w.org\/{rel}","templated":true}]}}